{"id":1726,"date":"2025-08-20T18:51:18","date_gmt":"2025-08-20T18:51:18","guid":{"rendered":"https:\/\/staxx.ca\/kit-de-conversion-de-chargeur-staxx\/"},"modified":"2026-04-13T13:11:16","modified_gmt":"2026-04-13T13:11:16","slug":"kit-de-conversion-de-chargeur-staxx","status":"publish","type":"product","link":"https:\/\/staxx.ca\/fr\/kit-de-conversion-de-chargeur-staxx\/","title":{"rendered":"Kit de conversion en distributeur de volants Staxx"},"content":{"rendered":"<div class=\"wpb-content-wrapper\"><p>[vc_row][vc_column][vc_column_text css=\u00a0\u00bb\u00a0\u00bb]<\/p>\n<h3 style=\"font-weight: 400;\"><strong>Auto-empilement pour une alimentation continue.<\/strong><\/h3>\n<p style=\"font-weight: 400;\">Transformez votre <strong>STAXX 150 ou STAXX 250<\/strong> en un <b>distributeur de volants <\/b><strong>manuel \u00e0 auto-empilement<\/strong> haute capacit\u00e9. Avec le kit de conversion, vous passerez moins de temps \u00e0 r<u>\u00e9<\/u>empiler\u00a0et plus de temps \u00e0 vous entra\u00eener \u00e0 pleine intensit\u00e9.<\/p>\n<hr \/>\n<h3 style=\"font-weight: 400;\"><strong>Faites sans\u2026<\/strong><\/h3>\n<ul style=\"font-weight: 400;\">\n<li><strong>Recharges fr\u00e9quentes<\/strong> \u2013 Alimentez jusqu&rsquo;\u00e0 <strong>300 coups\u00a0<\/strong>sans interruption gr\u00e2ce \u00e0 la conception \u00e0 grande capacit\u00e9.<\/li>\n<li><strong>Retards de r\u00e9empilement<\/strong> \u2013 Le distributeur\u00a0<strong>STAXX s&rsquo;int\u00e8gre directement au syst\u00e8me d&#8217;empilement STAXX<\/strong>. Les volants s&#8217;empilent directement dans le distributeur. Il suffit de verser (ou de jeter) les volants, de secouer l\u00e9g\u00e8rement de temps en temps et de continuer \u00e0 alimenter, sans manipulation manuelle des piles.<\/li>\n<\/ul>\n<hr \/>\n<h3 style=\"text-align: center;\"><strong>Id\u00e9al pour les parents qui s&rsquo;entra\u00eenent avec leurs enfants\u00a0!<\/strong><br \/>\n<div id=\"kgvid_kgvid_0_wrapper\" class=\"kgvid_wrapper kgvid_wrapper_auto_left kgvid_wrapper_auto_right\">\n\t\t\t<div id=\"video_kgvid_0_div\" class=\"fitvidsignore kgvid_videodiv\" data-id=\"kgvid_0\" data-kgvid_video_vars=\"{&quot;id&quot;:&quot;kgvid_0&quot;,&quot;attachment_id&quot;:&quot;1555&quot;,&quot;player_type&quot;:&quot;Video.js v8&quot;,&quot;width&quot;:&quot;600&quot;,&quot;height&quot;:&quot;375&quot;,&quot;fullwidth&quot;:&quot;false&quot;,&quot;fixed_aspect&quot;:false,&quot;countable&quot;:true,&quot;count_views&quot;:&quot;quarters&quot;,&quot;start&quot;:&quot;&quot;,&quot;autoplay&quot;:&quot;false&quot;,&quot;pauseothervideos&quot;:&quot;true&quot;,&quot;set_volume&quot;:&quot;0.5&quot;,&quot;muted&quot;:&quot;false&quot;,&quot;meta&quot;:false,&quot;endofvideooverlay&quot;:&quot;&quot;,&quot;resize&quot;:&quot;true&quot;,&quot;auto_res&quot;:&quot;automatic&quot;,&quot;pixel_ratio&quot;:&quot;true&quot;,&quot;right_click&quot;:&quot;on&quot;,&quot;playback_rate&quot;:&quot;false&quot;,&quot;title&quot;:&quot;Staxx 150 Family Feeder&quot;,&quot;skip_buttons&quot;:[],&quot;nativecontrolsfortouch&quot;:&quot;false&quot;,&quot;locale&quot;:&quot;fr&quot;,&quot;enable_resolutions_plugin&quot;:false}\" itemprop=\"video\" itemscope itemtype=\"https:\/\/schema.org\/VideoObject\"><meta itemprop=\"embedUrl\" content=\"https:\/\/staxx.ca\/wp-content\/uploads\/2025\/11\/Parent-Kid-150-Final-2.mp4\"><meta itemprop=\"contentUrl\" content=\"https:\/\/staxx.ca\/wp-content\/uploads\/2025\/11\/Parent-Kid-150-Final-2.mp4\"><meta itemprop=\"name\" content=\"Staxx 150 Family Feeder\"><meta itemprop=\"description\" content=\"Vid\u00e9o\"><meta itemprop=\"uploadDate\" content=\"2025-11-25T07:18:57+00:00\">\n\t\t\t\t<video id=\"video_kgvid_0\" playsinline controls preload=\"metadata\" width=\"600\" height=\"375\" class=\"fitvidsignore video-js kg-video-js-skin\">\n\t\t\t\t\t<source src=\"https:\/\/staxx.ca\/wp-content\/uploads\/2025\/11\/Parent-Kid-150-Final-2.mp4?id=0\" type=\"video\/mp4\" data-res=\"360p\">\n\t\t\t\t<\/video>\n\t\t\t<\/div>\n\t\t<\/div><\/h3>\n<hr \/>\n<h3 style=\"font-weight: 400;\"><strong>Ce qui est inclus<\/strong><\/h3>\n<p style=\"font-weight: 400;\">Lorsque vous s\u00e9lectionnez l&rsquo;option de distributeur pour le STAXX 150 ou le STAXX 250, vous recevrez :<\/p>\n<ul style=\"font-weight: 400;\">\n<li><strong>Base <b><span lang=\"FR-CA\">multi-<\/span><\/b><span lang=\"FR-CA\"><b>entonnoir<\/b><\/span><\/strong>\u2013 Remplace la base solide afin que les bouchons de li\u00e8ge <span lang=\"FR-CA\">des volants<\/span> soient accessibles.<\/li>\n<li><strong>Tr\u00e9pied r\u00e9glable<\/strong> \u2013 Soutient votre bo\u00eete STAXX \u00e0 votre hauteur d&rsquo;entra\u00eenement pr\u00e9f\u00e9r\u00e9e.<\/li>\n<li><strong>Sangle de centrage<\/strong> \u2013 Maintient tout stable et align\u00e9 pendant l&rsquo;alimentation rapide.<\/li>\n<\/ul>\n<hr \/>\n<h3 style=\"font-weight: 400;\"><strong>Fonctionnement<\/strong><\/h3>\n<ol style=\"font-weight: 400;\">\n<li>Remplacez la base solide par la base <span lang=\"FR-CA\">multi-<\/span><span lang=\"FR-CA\">\u00a0entonnoir<\/span>.<\/li>\n<li>Montez votre bo\u00eete STAXX charg\u00e9e sur le tr\u00e9pied r\u00e9glable.<\/li>\n<li>Fixez la sangle de centrage.<\/li>\n<li>Versez les <span lang=\"FR-CA\">volants\u00a0<\/span>au besoin et continuez \u00e0 alimenter \u2014 <strong>entra\u00eenement continu, sans interruption<\/strong>.<\/li>\n<\/ol>\n<hr \/>\n<h3><strong>Mod\u00e8les et prix<\/strong><\/h3>\n<table>\n<thead>\n<tr>\n<th>Kit de <b><span lang=\"FR-CA\">conversion<\/span><\/b><\/th>\n<th>Compatible avec<\/th>\n<th>Prix<\/th>\n<\/tr>\n<\/thead>\n<tbody>\n<tr>\n<td><strong>Kit de <b><span lang=\"FR-CA\">conversion <\/span><\/b>150<\/strong><\/td>\n<td>STAXX 150<\/td>\n<td><strong>100\u00a0$ CA<\/strong><\/td>\n<\/tr>\n<tr>\n<td><strong>Kit de <b><span lang=\"FR-CA\">conversion <\/span><\/b>250<\/strong><\/td>\n<td>STAXX 250<\/td>\n<td><strong>125\u00a0$ CA<\/strong><\/td>\n<\/tr>\n<tr>\n<td><strong>Kit de <b><span lang=\"FR-CA\">conversion <\/span><\/b>350<\/strong><\/td>\n<td>N\/D<\/td>\n<td>Non disponible<\/td>\n<\/tr>\n<\/tbody>\n<\/table>\n<hr \/>\n<h3><strong>Id\u00e9al pour :<\/strong><\/h3>\n<ul>\n<li>Les entra\u00eeneurs qui ex\u00e9cutent des <b><span lang=\"FR-CA\">longs exercices multi-volants<\/span><\/b>.<\/li>\n<li>Les familles qui profitent d&rsquo;un <strong>entra\u00eenement suppl\u00e9mentaire<\/strong>.<\/li>\n<li>Les clubs qui ont besoin d&rsquo;un maximum d&rsquo;<strong>efficacit\u00e9 et de gain de temps<\/strong>.<\/li>\n<\/ul>\n<hr \/>\n<p>\ud83d\udc49 <strong>Am\u00e9liorez votre STAXX 150 ou 250 avec le kit de <b><span lang=\"FR-CA\">conversion en distributeur de volants <\/span><\/b><\/strong>et transformez-le en le syst\u00e8me ultime d&#8217;empilement et d&rsquo;alimentation de <span lang=\"FR-CA\">volants<\/span>\u00a0sans fin.<\/p>\n<hr \/>\n<p>&nbsp;<\/p>\n<p>&nbsp;<\/p>\n<p>[\/vc_column_text][\/vc_column][\/vc_row]<\/p>\n<\/div>","protected":false},"excerpt":{"rendered":"<h3 style=\"font-weight: 400;\"><strong>[sc name=\"banner_fr\"][\/sc]<br \/>\nAuto-empilement pour une alimentation continue.<\/strong><\/h3>\n<p style=\"font-weight: 400;\">Transformez votre <strong>STAXX 150 ou STAXX 250<\/strong> en un <b><span lang=\"FR-CA\">distributeur de volants <\/span><\/b><strong>manuel haute capacit\u00e9 \u00e0 auto-empilement<\/strong>. Avec le kit de <b><span lang=\"FR-CA\">conversion en distributeur de volants<\/span><\/b>, vous passerez moins de temps \u00e0 recharger et plus de temps \u00e0 vous entra\u00eener \u00e0 pleine intensit\u00e9.<\/p>\n<hr \/>\n<h3 style=\"font-weight: 400;\"><strong>Faites sans\u2026<\/strong><\/h3>\n<ul style=\"font-weight: 400;\">\n<li><strong>Recharges fr\u00e9quentes<\/strong> \u2013 Alimentez jusqu&rsquo;\u00e0 <strong>300 <b><span lang=\"FR-CA\">volants <\/span><\/b><\/strong>sans interruption gr\u00e2ce \u00e0 la conception \u00e0 grande capacit\u00e9.<\/li>\n<li><strong>Retards de r\u00e9empilement<\/strong> \u2013 Le <strong>chargeur STAXX s&rsquo;int\u00e8gre directement au syst\u00e8me d&#8217;empilement STAXX<\/strong>. Les <span lang=\"FR-CA\">volants<\/span> s&#8217;empilent directement dans le <span lang=\"FR-CA\">distributeur<\/span>. Il suffit de verser (ou de jeter) les <span lang=\"FR-CA\">volants<\/span>, de secouer l\u00e9g\u00e8rement de temps en temps et de continuer \u00e0 alimenter, sans manipulation manuelle des piles.<\/li>\n<\/ul>\n","protected":false},"featured_media":1706,"template":"","meta":[],"product_brand":[],"product_cat":[53],"product_tag":[],"class_list":{"0":"post-1726","1":"product","2":"type-product","3":"status-publish","4":"has-post-thumbnail","6":"product_cat-non-categorise","7":"description-off","9":"first","10":"instock","11":"taxable","12":"shipping-taxable","13":"purchasable","14":"product-type-variable"},"_links":{"self":[{"href":"https:\/\/staxx.ca\/fr\/wp-json\/wp\/v2\/product\/1726","targetHints":{"allow":["GET"]}}],"collection":[{"href":"https:\/\/staxx.ca\/fr\/wp-json\/wp\/v2\/product"}],"about":[{"href":"https:\/\/staxx.ca\/fr\/wp-json\/wp\/v2\/types\/product"}],"wp:featuredmedia":[{"embeddable":true,"href":"https:\/\/staxx.ca\/fr\/wp-json\/wp\/v2\/media\/1706"}],"wp:attachment":[{"href":"https:\/\/staxx.ca\/fr\/wp-json\/wp\/v2\/media?parent=1726"}],"wp:term":[{"taxonomy":"product_brand","embeddable":true,"href":"https:\/\/staxx.ca\/fr\/wp-json\/wp\/v2\/product_brand?post=1726"},{"taxonomy":"product_cat","embeddable":true,"href":"https:\/\/staxx.ca\/fr\/wp-json\/wp\/v2\/product_cat?post=1726"},{"taxonomy":"product_tag","embeddable":true,"href":"https:\/\/staxx.ca\/fr\/wp-json\/wp\/v2\/product_tag?post=1726"}],"curies":[{"name":"wp","href":"https:\/\/api.w.org\/{rel}","templated":true}]}}