{"id":1700,"date":"2025-08-20T18:49:00","date_gmt":"2025-08-20T18:49:00","guid":{"rendered":"https:\/\/staxx.ca\/staxx-scoop\/"},"modified":"2026-04-13T13:11:17","modified_gmt":"2026-04-13T13:11:17","slug":"staxx-scoop","status":"publish","type":"product","link":"https:\/\/staxx.ca\/fr\/staxx-scoop\/","title":{"rendered":"Staxx Scoop"},"content":{"rendered":"<h1><strong>STAXX\u00ae Scoop<\/strong><\/h1>\n<h3>Ramassez. Versez. Jouez.<\/h3>\n<p style=\"font-weight: 400;\">Balayez les volants du terrain dans le Scoop.<\/p>\n<p style=\"font-weight: 400;\">Versez simplement les volants dans l&rsquo;ouverture sup\u00e9rieure du STAXX et secouez.<\/p>\n<p style=\"font-weight: 400;\">Le <strong>syst\u00e8me alv\u00e9olaire<\/strong> avanc\u00e9 guide chaque volant, le bouchon en premier, dans ses tubes d&#8217;empilage.<\/p>\n<p style=\"font-weight: 400;\">C&rsquo;est rapide, facile et cela maintient votre entra\u00eenement fluide.<\/p>\n<p>&nbsp;<\/p>\n<hr \/>\n<h3 style=\"font-weight: 400;\"><strong>Avantages cl\u00e9s<\/strong><\/h3>\n<ul style=\"font-weight: 400;\">\n<li><strong>Ramassage rapide<\/strong> \u2013 Ramassez des douzaines de volants en quelques secondes.<\/li>\n<li><strong>Restez debout<\/strong> \u2013 Prot\u00e8ge votre dos et vos genoux.<\/li>\n<li><strong>Ajustement parfait<\/strong> \u2013 Taille id\u00e9ale pour les empileurs de volants STAXX (150, 250 ou 350).<\/li>\n<\/ul>\n<p><strong>Simple et durable<\/strong> \u2013 L\u00e9ger, sans pi\u00e8ces mobiles, con\u00e7u pour durer.<\/p>\n<hr \/>\n<h3 style=\"font-weight: 400;\"><strong>Dimensions<\/strong><\/h3>\n<p><img loading=\"lazy\" decoding=\"async\" class=\"alignnone size-medium wp-image-1210\" src=\"https:\/\/staxx.ca\/wp-content\/uploads\/2025\/08\/SCOOP-with-dimensions-300x197.jpg\" alt=\"\" width=\"300\" height=\"197\" title=\"\" srcset=\"https:\/\/staxx.ca\/wp-content\/uploads\/2025\/08\/SCOOP-with-dimensions-300x197.jpg 300w, https:\/\/staxx.ca\/wp-content\/uploads\/2025\/08\/SCOOP-with-dimensions-600x395.jpg 600w, https:\/\/staxx.ca\/wp-content\/uploads\/2025\/08\/SCOOP-with-dimensions.jpg 631w\" sizes=\"auto, (max-width: 300px) 100vw, 300px\" \/><\/p>\n<p>&nbsp;<\/p>\n<hr \/>\n<h3 style=\"font-weight: 400;\"><strong>Id\u00e9al pour :<\/strong><\/h3>\n<ul style=\"font-weight: 400;\">\n<li>Entra\u00eeneurs, joueurs et parents ramassant des centaines de volants apr\u00e8s les exercices.<\/li>\n<li>Clubs souhaitant des r\u00e9initialisations de session plus rapides.<\/li>\n<\/ul>\n<hr \/>\n<p>&nbsp;<\/p>\n<p>&nbsp;<\/p>\n<p>&nbsp;<\/p>\n<p>&nbsp;<\/p>\n<p>&nbsp;<\/p>\n<p>&nbsp;<\/p>\n<p>&nbsp;<\/p>\n<p>&nbsp;<\/p>\n<p>&nbsp;<\/p>\n<p>&nbsp;<\/p>\n","protected":false},"excerpt":{"rendered":"<h3>[sc name=\"banner_fr\"][\/sc]<br \/>\nRamassez. Versez. Jouez.<\/h3>\n<p style=\"font-weight: 400;\">Balayez les volants du terrain dans le Scoop.<\/p>\n<p style=\"font-weight: 400;\">Versez simplement les volants dans l&rsquo;ouverture sup\u00e9rieure du STAXX et secouez.<\/p>\n<p style=\"font-weight: 400;\">Le <strong>syst\u00e8me alv\u00e9olaire<\/strong> avanc\u00e9 guide chaque volant, le bouchon en premier, dans ses tubes d&#8217;empilage.<\/p>\n<p style=\"font-weight: 400;\">C&rsquo;est rapide, facile et cela maintient votre entra\u00eenement fluide.<\/p>\n<p>&nbsp;<\/p>\n<p>&nbsp;<\/p>\n","protected":false},"featured_media":1615,"template":"","meta":[],"product_brand":[],"product_cat":[53],"product_tag":[],"class_list":{"0":"post-1700","1":"product","2":"type-product","3":"status-publish","4":"has-post-thumbnail","6":"product_cat-non-categorise","7":"product_shipping_class-scoop","8":"description-off","10":"first","11":"instock","12":"taxable","13":"shipping-taxable","14":"purchasable","15":"product-type-simple"},"_links":{"self":[{"href":"https:\/\/staxx.ca\/fr\/wp-json\/wp\/v2\/product\/1700","targetHints":{"allow":["GET"]}}],"collection":[{"href":"https:\/\/staxx.ca\/fr\/wp-json\/wp\/v2\/product"}],"about":[{"href":"https:\/\/staxx.ca\/fr\/wp-json\/wp\/v2\/types\/product"}],"wp:featuredmedia":[{"embeddable":true,"href":"https:\/\/staxx.ca\/fr\/wp-json\/wp\/v2\/media\/1615"}],"wp:attachment":[{"href":"https:\/\/staxx.ca\/fr\/wp-json\/wp\/v2\/media?parent=1700"}],"wp:term":[{"taxonomy":"product_brand","embeddable":true,"href":"https:\/\/staxx.ca\/fr\/wp-json\/wp\/v2\/product_brand?post=1700"},{"taxonomy":"product_cat","embeddable":true,"href":"https:\/\/staxx.ca\/fr\/wp-json\/wp\/v2\/product_cat?post=1700"},{"taxonomy":"product_tag","embeddable":true,"href":"https:\/\/staxx.ca\/fr\/wp-json\/wp\/v2\/product_tag?post=1700"}],"curies":[{"name":"wp","href":"https:\/\/api.w.org\/{rel}","templated":true}]}}