{"id":1704,"date":"2025-11-20T18:40:54","date_gmt":"2025-11-20T18:40:54","guid":{"rendered":"https:\/\/staxx.ca\/guides\/"},"modified":"2025-12-20T19:43:02","modified_gmt":"2025-12-20T19:43:02","slug":"guides","status":"publish","type":"page","link":"https:\/\/staxx.ca\/fr\/guides\/","title":{"rendered":"Guides"},"content":{"rendered":"<div class=\"wpb-content-wrapper\"><p>[vc_row content_placement=\u00a0\u00bbmiddle\u00a0\u00bb][vc_column width=\u00a0\u00bb1\/2&Prime;][vc_row_inner][vc_column_inner][vc_empty_space]<div class=\"aio-icon-component    style_2\"><div id=\"Info-box-wrap-9964\" class=\"aio-icon-box left-icon\" style=\"\"  ><div class=\"aio-icon-left\"><div class=\"ult-just-icon-wrapper  \"><div class=\"align-icon\" style=\"text-align:center;\">\n<div class=\"aio-icon none \"  style=\"color:#F4524D;font-size:32px;display:inline-block;\">\n\t<i class=\"fas fa-file-pdf\"><\/i>\n<\/div><\/div><\/div><\/div><div class=\"aio-ibd-block\"><div class=\"aio-icon-header\" ><a class=\"aio-icon-box-link\" href=\"https:\/\/staxx.ca\/wp-content\/uploads\/2025\/11\/STAXX-shuttle-stacker-Francais-COMMENT-LUTILISER-POUR-EMPILER-ET-DISPENSER-fin2.pdf\" target=\"_blank\" rel=\"noopener\" ><h3 class=\"aio-icon-title ult-responsive\"  data-ultimate-target='#Info-box-wrap-9964 .aio-icon-title'  data-responsive-json-new='{\"font-size\":\"\",\"line-height\":\"\"}'  style=\"font-weight:bold;color:#F4524D;\">Empileur de volants STAXX - COMMENT L&apos;UTILISER POUR EMPILER ET DISTRIBUER<\/h3><\/a><\/div> <!-- header --><\/div> <!-- aio-ibd-block --><\/div> <!-- aio-icon-box --><\/div> <!-- aio-icon-component -->[\/vc_column_inner][\/vc_row_inner][\/vc_column][vc_column width=\u00a0\u00bb1\/2&Prime;][vc_row_inner][vc_column_inner][vc_empty_space]<div class=\"aio-icon-component    style_2\"><div id=\"Info-box-wrap-6932\" class=\"aio-icon-box left-icon\" style=\"\"  ><div class=\"aio-icon-left\"><div class=\"ult-just-icon-wrapper  \"><div class=\"align-icon\" style=\"text-align:center;\">\n<div class=\"aio-icon none \"  style=\"color:#F4524D;font-size:32px;display:inline-block;\">\n\t<i class=\"fas fa-file-pdf\"><\/i>\n<\/div><\/div><\/div><\/div><div class=\"aio-ibd-block\"><div class=\"aio-icon-header\" ><a class=\"aio-icon-box-link\" href=\"https:\/\/staxx.ca\/wp-content\/uploads\/2025\/11\/STAXX-shuttle-stacker-English-HOW-TO-USE-FOR-STACKING-AND-FEEDING-fin2.pdf\" target=\"_blank\" rel=\"noopener\" ><h3 class=\"aio-icon-title ult-responsive\"  data-ultimate-target='#Info-box-wrap-6932 .aio-icon-title'  data-responsive-json-new='{\"font-size\":\"\",\"line-height\":\"\"}'  style=\"font-weight:bold;color:#F4524D;\">Empileur de volants STAXX - COMMENT L&apos;UTILISER POUR EMPILER ET ALIMENTER<\/h3><\/a><\/div> <!-- header --><\/div> <!-- aio-ibd-block --><\/div> <!-- aio-icon-box --><\/div> <!-- aio-icon-component -->[\/vc_column_inner][\/vc_row_inner][\/vc_column][\/vc_row][vc_row][vc_column][vc_column_text css=\u00a0\u00bb\u00a0\u00bb]<\/p>\n<h2><strong>Comment utiliser votre empileur de volants STAXX<\/strong><\/h2>\n<p><strong>Vous apprendrez ici comment utiliser le syst\u00e8me Staxx pour empiler et alimenter. Veuillez \u00c9GALEMENT consulter nos vid\u00e9os sur Staxx.ca <\/strong><\/p>\n<h3><strong><em><u> Empilage uniquement<\/u><\/em><\/strong><\/h3>\n<p>Si vous utilisez votre empileur STAXX pour cr\u00e9er et retirer des piles, voici les \u00e9tapes simples \u00e0 suivre apr\u00e8s la configuration initiale.<\/p>\n<p>Cette premi\u00e8re \u00e9tape d\u00e9pend de si vous avez ou non le kit d&rsquo;alimentation.[\/vc_column_text][\/vc_column][\/vc_row][vc_row content_placement=\u00a0\u00bbtop\u00a0\u00bb][vc_column width=\u00a0\u00bb2\/3&Prime;][vc_empty_space][vc_column_text css=\u00a0\u00bb\u00a0\u00bb]- <strong>Si vous avez le kit d&rsquo;alimentation<\/strong>, vous avez alors la base multi-entonnoir (MFB).<\/p>\n<p>Placez-la au-dessus de la planche pleine au bas de l&#8217;empileur Staxx et placez les barres de mousse blanches horizontalement au-dessus de la MFB.[\/vc_column_text][\/vc_column][vc_column width=\u00a0\u00bb1\/3&Prime;][vc_column_text css=\u00a0\u00bb\u00a0\u00bb]<\/p>\n<p style=\"text-align: center;\">Base multi-entonnoir (MFB)<\/p>\n<p>[\/vc_column_text][vc_single_image image=\u00a0\u00bb1708&Prime; alignment=\u00a0\u00bbcenter\u00a0\u00bb css=\u00a0\u00bb\u00a0\u00bb][\/vc_column][\/vc_row][vc_row][vc_column][vc_column_text css=\u00a0\u00bb\u00a0\u00bb]- <strong>Si vous n&rsquo;avez pas le kit d&rsquo;alimentation<\/strong>, vous avez uniquement la planche pleine au bas du Staxx<\/p>\n<p>Empileur. Placez les barres de mousse blanches au-dessus de la planche pleine.[\/vc_column_text][\/vc_column][\/vc_row][vc_row content_placement=\u00a0\u00bbtop\u00a0\u00bb][vc_column width=\u00a0\u00bb2\/3&Prime;][vc_empty_space][vc_column_text css=\u00a0\u00bb\u00a0\u00bb]- Avec la sangle jaune d\u00e9tach\u00e9e, placez le nid d&rsquo;abeilles des colonnes d&#8217;empilage dans votre empileur STAXX.<\/p>\n<p>&nbsp;<\/p>\n<p>[\/vc_column_text][\/vc_column][vc_column width=\u00a0\u00bb1\/3&Prime;][vc_single_image image=\u00a0\u00bb1709&Prime; alignment=\u00a0\u00bbcenter\u00a0\u00bb css=\u00a0\u00bb\u00a0\u00bb][\/vc_column][\/vc_row][vc_row][vc_column][vc_column_text css=\u00a0\u00bb\u00a0\u00bb]- Attachez la sangle. Serrez-la un peu si n\u00e9cessaire pour un ajustement parfait. <\/p>\n<p>\u2013 Jetez les volants dans l&#8217;empileur Staxx \u00e0 la main, ou utilisez la pelle Staxx ou quelque chose de similaire pour verser les volants dans l&#8217;empileur Staxx<\/p>\n<ul style=\"list-style-type: circle;\">\n<li>Versez d&rsquo;au moins 40 cm (16 po) au-dessus de l&#8217;empileur Staxx.<\/li>\n<li>Versez environ 50 % dans l&#8217;empileur, puis secouez jusqu&rsquo;\u00e0 ce que tous ces volants soient empil\u00e9s. Ajoutez ensuite le reste des volants et secouez \u00e0 nouveau plusieurs fois jusqu&rsquo;\u00e0 ce que ces volants soient \u00e9galement empil\u00e9s. Exp\u00e9rimentez et trouvez ce qui fonctionne le mieux pour vous.  <\/li>\n<\/ul>\n<p>\u2013 D\u00e9tachez la sangle lorsque vous \u00eates pr\u00eat \u00e0 retirer les piles<\/p>\n<p>\u2013 Soulevez les colonnes d&#8217;empilage hexagonales<\/p>\n<p>\u2013 Inclinez la bo\u00eete Staxx vers l&rsquo;arri\u00e8re sur les 2 supports[\/vc_column_text][\/vc_column][\/vc_row][vc_row content_placement=\u00a0\u00bbtop\u00a0\u00bb][vc_column width=\u00a0\u00bb2\/3&Prime;][vc_empty_space][vc_column_text css=\u00a0\u00bb\u00a0\u00bb]- \u00c0 l&rsquo;avant de la bo\u00eete Staxx, abaissez le grand rabat inf\u00e9rieur, puis relevez le plus petit rabat sup\u00e9rieur. Les aimants maintiendront le rabat sup\u00e9rieur ouvert.[\/vc_column_text][\/vc_column][vc_column width=\u00a0\u00bb1\/3&Prime;][vc_single_image image=\u00a0\u00bb1707&Prime; alignment=\u00a0\u00bbcenter\u00a0\u00bb css=\u00a0\u00bb\u00a0\u00bb][\/vc_column][\/vc_row][vc_row][vc_column][vc_column_text css=\u00a0\u00bb\u00a0\u00bb]- Profitez de la vue de vos piles et commencez \u00e0 les retirer au besoin<\/p>\n<p>\u2013 <strong>Lorsque vous \u00eates pr\u00eat \u00e0 empiler \u00e0 nouveau<\/strong>, abaissez d&rsquo;abord le rabat sup\u00e9rieur, puis relevez le rabat inf\u00e9rieur. Ils s&rsquo;attacheront magn\u00e9tiquement. <\/p>\n<p>\u2013 Placez les colonnes d&#8217;empilage dans la bo\u00eete Staxx<\/p>\n<p>\u2013 Attachez la sangle et rechargez lorsque vous \u00eates pr\u00eat, en suivant les \u00e9tapes ci-dessus[\/vc_column_text][vc_empty_space][\/vc_column][\/vc_row][vc_row content_placement=\u00a0\u00bbtop\u00a0\u00bb][vc_column width=\u00a0\u00bb1\/2&Prime;][vc_column_text css=\u00a0\u00bb\u00a0\u00bb]<\/p>\n<h3><strong><em><u> Alimentation avec les Staxx 150 et Staxx 250<\/u><\/em><\/strong><\/h3>\n<p><strong>Staxx <\/strong><strong>150 ou Staxx 250 avec conversion d&rsquo;alimentation<\/strong>[\/vc_column_text][\/vc_column][vc_column width=\u00a0\u00bb1\/2&Prime;][vc_single_image image=\u00a0\u00bb1712&Prime; alignment=\u00a0\u00bbcenter\u00a0\u00bb css=\u00a0\u00bb\u00a0\u00bb][\/vc_column][\/vc_row][vc_row][vc_column width=\u00a0\u00bb1\/2&Prime;][vc_empty_space][vc_row_inner][vc_column_inner width=\u00a0\u00bb1\/2&Prime;][vc_single_image image=\u00a0\u00bb1706&Prime; alignment=\u00a0\u00bbcenter\u00a0\u00bb css=\u00a0\u00bb\u00a0\u00bb][\/vc_column_inner][vc_column_inner width=\u00a0\u00bb1\/2&Prime;][vc_column_text css=\u00a0\u00bb\u00a0\u00bb]Le kit de conversion d&rsquo;alimentation se compose de :<\/p>\n<p style=\"text-align: left;\">\u2013 Le tr\u00e9pied Staxx avec sangle<\/p>\n<p>\u2013 La base multi-entonnoir (MFB).[\/vc_column_text][\/vc_column_inner][\/vc_row_inner][\/vc_column][vc_column width=\u00a0\u00bb1\/2&Prime;][\/vc_column][\/vc_row][vc_row content_placement=\u00a0\u00bbmiddle\u00a0\u00bb][vc_column width=\u00a0\u00bb2\/3&Prime;][vc_column_text css=\u00a0\u00bb\u00a0\u00bb]Pour la bo\u00eete Staxx vide, <strong><u>avant d&rsquo;ajouter des volants<\/u><\/strong> :<\/p>\n<p>\u2013 D\u00e9tachez la large sangle jaune.<\/p>\n<p>\u2013 Retirez les colonnes d&#8217;empilage, les 2 pi\u00e8ces de mousse blanches horizontales et la planche pleine au fond \u00e0 l&rsquo;int\u00e9rieur<\/p>\n<p>\u2013 Placez la base multi-entonnoir au fond et remplacez les 2 pi\u00e8ces de mousse blanches horizontales<\/p>\n<p>\u2013 <u>N&rsquo;utilisez pas<\/u> la planche pleine<\/p>\n<p>\u2013 Placez les colonnes d&#8217;empilage dans la bo\u00eete Staxx<\/p>\n<p>\u2013 Attachez la large sangle jaune<\/p>\n<p>\u2013 Chargez les volants de la mani\u00e8re habituelle et secouez<\/p>\n<p>\u2013 Le tr\u00e9pied a un petit support m\u00e9tallique r\u00e9glable. R\u00e9glez la hauteur souhait\u00e9e du tr\u00e9pied, positionnez le support m\u00e9tallique et serrez-le en place.[\/vc_column_text][\/vc_column][vc_column width=\u00a0\u00bb1\/3&Prime;][vc_single_image image=\u00a0\u00bb1711&Prime; alignment=\u00a0\u00bbcenter\u00a0\u00bb css=\u00a0\u00bb\u00a0\u00bb][\/vc_column][\/vc_row][vc_row][vc_column][vc_column_text css=\u00a0\u00bb\u00a0\u00bb]\u00c0 l&rsquo;aide du tube \u00e0 l&rsquo;arri\u00e8re de la bo\u00eete Staxx, faites glisser la bo\u00eete Staxx sur le tr\u00e9pied, afin qu&rsquo;elle repose sur le support.[\/vc_column_text][vc_row_inner][vc_column_inner width=\u00a0\u00bb2\/3&Prime;][vc_column_text css=\u00a0\u00bb\u00a0\u00bb]Attachez la sangle noire \u00e0 un anneau en D sur la bo\u00eete Staxx au fond \u00e0 l&rsquo;avant. Attachez l&rsquo;autre extr\u00e9mit\u00e9 de la sangle noire \u00e0 un pied du tr\u00e9pied o\u00f9 il y a un autre anneau. Cette sangle guidera la bo\u00eete Staxx pour qu&rsquo;elle reste dans une position stable sur le tr\u00e9pied.  <\/p>\n<p style=\"padding-left: 30px;\">\u2013 Si la sangle est inclin\u00e9e d&rsquo;un c\u00f4t\u00e9, faites pivoter le support m\u00e9tallique jusqu&rsquo;\u00e0 ce que la sangle descende directement vers l&rsquo;anneau sur le pied du tr\u00e9pied.<\/p>\n<p>[\/vc_column_text][\/vc_column_inner][vc_column_inner width=\u00a0\u00bb1\/3&Prime;][vc_single_image image=\u00a0\u00bb1710&Prime; alignment=\u00a0\u00bbcenter\u00a0\u00bb css=\u00a0\u00bb\u00a0\u00bb][\/vc_column_inner][\/vc_row_inner][vc_column_text css=\u00a0\u00bb\u00a0\u00bb]\u00c0 l&rsquo;aide du tube \u00e0 l&rsquo;arri\u00e8re de la bo\u00eete Staxx, faites glisser la bo\u00eete Staxx sur le tr\u00e9pied, afin qu&rsquo;elle repose sur le support.[\/vc_column_text][vc_column_text css=\u00a0\u00bb\u00a0\u00bb]Les bouchons pendront \u00e0 travers la base multi-entonnoir, pr\u00eats \u00e0 ce que l&rsquo;alimentation commence. Au besoin, jetez ou versez des volants dans la bo\u00eete Staxx pour une alimentation continue. De temps en temps, vous devrez peut-\u00eatre retirer l&#8217;empileur du tr\u00e9pied pour le secouer ou pour retirer les volants qui sont entr\u00e9s \u00e0 l&rsquo;envers.[\/vc_column_text][\/vc_column][\/vc_row]<\/p>\n<\/div>","protected":false},"excerpt":{"rendered":"<p>[vc_row content_placement=\u00a0\u00bbmiddle\u00a0\u00bb][vc_column width=\u00a0\u00bb1\/2&Prime;][vc_row_inner][vc_column_inner][vc_empty_space][\/vc_column_inner][\/vc_row_inner][\/vc_column][vc_column width=\u00a0\u00bb1\/2&Prime;][vc_row_inner][vc_column_inner][vc_empty_space][\/vc_column_inner][\/vc_row_inner][\/vc_column][\/vc_row][vc_row][vc_column][vc_column_text css=\u00a0\u00bb\u00a0\u00bb] Comment utiliser votre empileur de volants STAXX Vous apprendrez ici comment utiliser le syst\u00e8me Staxx pour empiler et alimenter. Veuillez \u00c9GALEMENT consulter nos vid\u00e9os sur Staxx.ca Empilage uniquement Si vous utilisez votre empileur STAXX pour cr\u00e9er et retirer des piles, voici les \u00e9tapes simples \u00e0 suivre apr\u00e8s la configuration initiale.&hellip;<\/p>\n","protected":false},"author":1,"featured_media":0,"parent":0,"menu_order":0,"comment_status":"closed","ping_status":"closed","template":"","meta":{"footnotes":""},"class_list":["post-1704","page","type-page","status-publish","hentry","description-off"],"_links":{"self":[{"href":"https:\/\/staxx.ca\/fr\/wp-json\/wp\/v2\/pages\/1704","targetHints":{"allow":["GET"]}}],"collection":[{"href":"https:\/\/staxx.ca\/fr\/wp-json\/wp\/v2\/pages"}],"about":[{"href":"https:\/\/staxx.ca\/fr\/wp-json\/wp\/v2\/types\/page"}],"author":[{"embeddable":true,"href":"https:\/\/staxx.ca\/fr\/wp-json\/wp\/v2\/users\/1"}],"replies":[{"embeddable":true,"href":"https:\/\/staxx.ca\/fr\/wp-json\/wp\/v2\/comments?post=1704"}],"version-history":[{"count":5,"href":"https:\/\/staxx.ca\/fr\/wp-json\/wp\/v2\/pages\/1704\/revisions"}],"predecessor-version":[{"id":1721,"href":"https:\/\/staxx.ca\/fr\/wp-json\/wp\/v2\/pages\/1704\/revisions\/1721"}],"wp:attachment":[{"href":"https:\/\/staxx.ca\/fr\/wp-json\/wp\/v2\/media?parent=1704"}],"curies":[{"name":"wp","href":"https:\/\/api.w.org\/{rel}","templated":true}]}}