{"id":1682,"date":"2025-10-08T15:58:07","date_gmt":"2025-10-08T15:58:07","guid":{"rendered":"https:\/\/staxx.ca\/a-propos-de-nous\/"},"modified":"2026-04-13T12:44:52","modified_gmt":"2026-04-13T12:44:52","slug":"a-propos-de-nous","status":"publish","type":"page","link":"https:\/\/staxx.ca\/fr\/a-propos-de-nous\/","title":{"rendered":"\u00c0 propos de nous"},"content":{"rendered":"<div class=\"wpb-content-wrapper\"><p>[vc_row equal_height=\u00a0\u00bbyes\u00a0\u00bb content_placement=\u00a0\u00bbmiddle\u00a0\u00bb bg_type=\u00a0\u00bbbg_color\u00a0\u00bb bg_override=\u00a0\u00bbex-full\u00a0\u00bb type=\u00a0\u00bbvc_default\u00a0\u00bb css=\u00a0\u00bb.vc_custom_1456939980365{background-color: #ffffff !important;}\u00a0\u00bb bg_color_value=\u00a0\u00bb#ffffff\u00a0\u00bb el_id=\u00a0\u00bbfeatures\u00a0\u00bb][vc_column css=\u00a0\u00bb.vc_custom_1456743683783{padding-top: 60px !important;padding-bottom: 60px !important;}\u00a0\u00bb offset=\u00a0\u00bbvc_col-lg-offset-0 vc_col-lg-5 vc_col-md-offset-0 vc_col-md-6&Prime;][vc_column_text css=\u00a0\u00bb\u00a0\u00bb]<\/p>\n<h1>L&rsquo;histoire de STAXX<\/h1>\n<p>[\/vc_column_text][vc_empty_space height=\u00a0\u00bb10px\u00a0\u00bb][vc_column_text css=\u00a0\u00bb\u00a0\u00bb]<\/p>\n<p style=\"font-weight: 400;\">STAXX est le premier syst\u00e8me d&#8217;empilage de volant au monde \u2013 <strong>rapide, simple et non \u00e9lectrique.<\/strong><\/p>\n<p>De l&#8217;empilage \u00e0 l&rsquo;alimentation, STAXX permet d&rsquo;\u00e9conomiser du temps, de l&rsquo;\u00e9nergie et des efforts sur chaque terrain.<\/p>\n<p>En quelques minutes, vous pouvez transformer <strong>jusqu&rsquo;\u00e0 400 volants p\u00eale-m\u00eale<\/strong> en de magnifiques piles, pr\u00eates pour toutes les entra\u00eenement multi-volants. Pas de moteurs, pas d&rsquo;installation compliqu\u00e9e \u2013 juste une ing\u00e9nierie intelligente et une secousse rapide.<\/p>\n<p>Cr\u00e9\u00e9 par <strong>Allan Sklar<\/strong>, STAXX est con\u00e7u pour les entra\u00eeneurs et les joueurs qui veulent quitter le plancher et s&rsquo;entra\u00eener plus intelligemment.<br \/>\nL\u2019empilage manuel est une <strong>\u00c9NORME<\/strong> perte de temps. Rejoignez-nous et ARR\u00caTEZ L&rsquo;EMPILAGE MANUEL du volants.[\/vc_column_text][\/vc_column][vc_column css=\u00a0\u00bb.vc_custom_1757617707701{margin-top: 0px !important;margin-right: 0px !important;margin-bottom: 0px !important;margin-left: 0px !important;border-top-width: 0px !important;border-right-width: 0px !important;border-bottom-width: 0px !important;border-left-width: 0px !important;padding-top: 0px !important;padding-right: 0px !important;padding-bottom: 0px !important;padding-left: 0px !important;}\u00a0\u00bb offset=\u00a0\u00bbvc_col-lg-offset-1 vc_col-lg-6 vc_col-md-offset-0 vc_col-md-6&Prime;][vc_single_image image=\u00a0\u00bb1678&Prime; img_size=\u00a0\u00bblarge\u00a0\u00bb css=\u00a0\u00bb\u00a0\u00bb][\/vc_column][\/vc_row][vc_row full_width=\u00a0\u00bbstretch_row_content\u00a0\u00bb equal_height=\u00a0\u00bbyes\u00a0\u00bb content_placement=\u00a0\u00bbmiddle\u00a0\u00bb ult_hide_row=\u00a0\u00bbult_hide_row_value\u00a0\u00bb ult_hide_row_tablet=\u00a0\u00bbtablet\u00a0\u00bb ult_hide_row_tablet_small=\u00a0\u00bbxs_tablet\u00a0\u00bb ult_hide_row_mobile=\u00a0\u00bbmobile\u00a0\u00bb ult_hide_row_mobile_large=\u00a0\u00bbxl_mobile\u00a0\u00bb type=\u00a0\u00bbvc_default\u00a0\u00bb css=\u00a0\u00bb.vc_custom_1456743056656{padding-right: 60px !important;padding-left: 60px !important;}\u00a0\u00bb el_class=\u00a0\u00bbhide-mobile-paddings\u00a0\u00bb][vc_column css=\u00a0\u00bb.vc_custom_1456670646180{margin-top: 0px !important;margin-right: 0px !important;margin-bottom: 0px !important;margin-left: 0px !important;border-top-width: 0px !important;border-right-width: 0px !important;border-bottom-width: 0px !important;border-left-width: 0px !important;padding-top: 0px !important;padding-right: 0px !important;padding-bottom: 0px !important;padding-left: 0px !important;background-color: #f5f5f5 !important;}\u00a0\u00bb offset=\u00a0\u00bbvc_col-lg-6 vc_col-md-6&Prime;]<div id=\"ult-carousel-230130997769e04346d2fcb\" class=\"ult-carousel-wrapper  vc_custom_1457102400244  ult_horizontal\" data-gutter=\"15\" data-rtl=\"false\" ><div class=\"ult-carousel-363402997869e04346d2e72 \" >[vc_single_image image=\u00a0\u00bb1679&Prime; img_size=\u00a0\u00bb456 \u00d7 555&Prime; css=\u00a0\u00bb.vc_custom_1759942442868{margin-top: 12% !important;margin-bottom: -5% !important;padding-left: 50px !important;}\u00a0\u00bb]<\/div><\/div>\t\t\t<script type=\"text\/javascript\">\n\t\t\t\tjQuery(document).ready(function ($) {\n\t\t\t\t\tif( typeof jQuery('.ult-carousel-363402997869e04346d2e72').slick == \"function\"){\n\t\t\t\t\t\t$('.ult-carousel-363402997869e04346d2e72').slick({dots: true,autoplaySpeed: \"5000\",speed: \"600\",infinite: true,arrows: true,nextArrow: '<button type=\"button\" role=\"button\" aria-label=\"Next\" style=\"color:#333333; font-size:28px;\" class=\"slick-next default\"><i class=\"ultsl-arrow-right6\"><\/i><\/button>',prevArrow: '<button type=\"button\" role=\"button\" aria-label=\"Previous\" style=\"color:#333333; font-size:28px;\" class=\"slick-prev default\"><i class=\"ultsl-arrow-left6\"><\/i><\/button>',slidesToScroll:1,slidesToShow:1,swipe: true,draggable: true,touchMove: true,pauseOnHover: true,pauseOnFocus: false,responsive: [\n\t\t\t\t\t\t\t{\n\t\t\t\t\t\t\t  breakpoint: 1026,\n\t\t\t\t\t\t\t  settings: {\n\t\t\t\t\t\t\t\tslidesToShow: 1,\n\t\t\t\t\t\t\t\tslidesToScroll: 1,  \n\t\t\t\t\t\t\t  }\n\t\t\t\t\t\t\t},\n\t\t\t\t\t\t\t{\n\t\t\t\t\t\t\t  breakpoint: 1025,\n\t\t\t\t\t\t\t  settings: {\n\t\t\t\t\t\t\t\tslidesToShow: 1,\n\t\t\t\t\t\t\t\tslidesToScroll: 1\n\t\t\t\t\t\t\t  }\n\t\t\t\t\t\t\t},\n\t\t\t\t\t\t\t{\n\t\t\t\t\t\t\t  breakpoint: 760,\n\t\t\t\t\t\t\t  settings: {\n\t\t\t\t\t\t\t\tslidesToShow: 1,\n\t\t\t\t\t\t\t\tslidesToScroll: 1\n\t\t\t\t\t\t\t  }\n\t\t\t\t\t\t\t}\n\t\t\t\t\t\t],pauseOnDotsHover: true,customPaging: function(slider, i) {\n                   return '<i type=\"button\" style= \"color:#333333;\" class=\"ultsl-record\" data-role=\"none\"><\/i>';\n                },});\n\t\t\t\t\t}\n\t\t\t\t});\n\t\t\t<\/script>\n\t\t\t[\/vc_column][vc_column css=\u00a0\u00bb.vc_custom_1456670657896{margin-top: 0px !important;margin-right: 0px !important;margin-bottom: 0px !important;margin-left: 0px !important;border-top-width: 0px !important;border-right-width: 0px !important;border-bottom-width: 0px !important;border-left-width: 0px !important;padding-top: 40px !important;padding-right: 0px !important;padding-bottom: 60px !important;padding-left: 0px !important;}\u00a0\u00bb offset=\u00a0\u00bbvc_col-lg-offset-1 vc_col-lg-4 vc_col-md-offset-1 vc_col-md-5 vc_col-sm-offset-0&Prime;][vc_column_text css=\u00a0\u00bb\u00a0\u00bb]<\/p>\n<h2>Knight Trainer<\/h2>\n<p>[\/vc_column_text][vc_empty_space height=\u00a0\u00bb30px\u00a0\u00bb][vc_column_text css=\u00a0\u00bb\u00a0\u00bb]Le Knight Trainer Pro est un syst\u00e8me robotis\u00e9 d&rsquo;entra\u00eenement au badminton \u00e0 la pointe de la technologie, con\u00e7u pour les joueurs et les entra\u00eeneurs de tous niveaux. Il offre une pr\u00e9cision et une polyvalence in\u00e9gal\u00e9es.<\/p>\n<p>Pour les joueurs occasionnels, cette machine innovante promet un apprentissage plus rapide et plus agr\u00e9able. Quant aux joueurs comp\u00e9titifs, pr\u00e9parez-vous \u00e0 perfectionner vos comp\u00e9tences, affiner vos mouvements, am\u00e9liorer votre condition physique et aiguiser vos r\u00e9flexes au-del\u00e0 de vos esp\u00e9rances.<\/p>\n<p>&nbsp;<\/p>\n<p>[\/vc_column_text][\/vc_column][\/vc_row][vc_row full_width=\u00a0\u00bbstretch_row_content\u00a0\u00bb equal_height=\u00a0\u00bbyes\u00a0\u00bb content_placement=\u00a0\u00bbmiddle\u00a0\u00bb type=\u00a0\u00bbvc_default\u00a0\u00bb css=\u00a0\u00bb.vc_custom_1761599366712{padding-right: 60px !important;padding-left: 60px !important;}\u00a0\u00bb el_class=\u00a0\u00bbhide-mobile-paddings\u00a0\u00bb][vc_column offset=\u00a0\u00bbvc_hidden-lg vc_hidden-md\u00a0\u00bb css=\u00a0\u00bb.vc_custom_1756897389570{margin-top: 0px !important;margin-right: 0px !important;margin-bottom: 0px !important;margin-left: 0px !important;border-top-width: 0px !important;border-right-width: 0px !important;border-bottom-width: 0px !important;border-left-width: 0px !important;padding-top: 0px !important;padding-right: 0px !important;padding-bottom: 0px !important;padding-left: 0px !important;background-color: #f5f5f5 !important;}\u00a0\u00bb][vc_single_image image=\u00a0\u00bb1615&Prime; img_size=\u00a0\u00bbmedium\u00a0\u00bb alignment=\u00a0\u00bbcenter\u00a0\u00bb css=\u00a0\u00bb\u00a0\u00bb][\/vc_column][vc_column css=\u00a0\u00bb.vc_custom_1456668300567{margin-top: 0px !important;margin-right: 0px !important;margin-bottom: 0px !important;margin-left: 0px !important;border-top-width: 0px !important;border-right-width: 0px !important;border-bottom-width: 0px !important;border-left-width: 0px !important;padding-top: 40px !important;padding-right: 0px !important;padding-bottom: 60px !important;padding-left: 0px !important;}\u00a0\u00bb offset=\u00a0\u00bbvc_col-lg-offset-1 vc_col-lg-4 vc_col-md-offset-0 vc_col-md-5 vc_col-sm-offset-0&Prime;][vc_column_text css=\u00a0\u00bb\u00a0\u00bb]<\/p>\n<h2>ALLAN SKLAR<\/h2>\n<p>[\/vc_column_text][vc_empty_space height=\u00a0\u00bb30px\u00a0\u00bb][vc_column_text css=\u00a0\u00bb\u00a0\u00bb]<\/p>\n<p style=\"font-weight: 400;\">Le badminton fait partie int\u00e9grante de ma vie depuis plus de 60 ans et ma carri\u00e8re s&rsquo;\u00e9tend sur cinq d\u00e9cennies de d\u00e9veloppement de produits de badminton, dont l&rsquo;une de mes plus grandes fiert\u00e9s : la cr\u00e9ation de la premi\u00e8re machine \u00e0 badminton pratique au monde, le Knight Trainer.<\/p>\n<p style=\"font-weight: 400;\">R\u00e9cemment, \u00e0 70 ans, j&rsquo;ai d\u00e9cid\u00e9 de me remettre au badminton pour pouvoir rejouer. Avec mon fid\u00e8le robot Knight Trainer Pro, je me retrouvais chaque jour avec 500 \u00e0 1 000 volants \u00e0 empiler. C&rsquo;\u00e9tait vraiment d\u00e9courageant et \u00e9puisant.<\/p>\n<p style=\"font-weight: 400;\">Comme vous pouvez l&rsquo;imaginer, j&rsquo;ai trouv\u00e9 une solution et, inspir\u00e9 par ma femme Kathy, je suis all\u00e9 encore plus loin.<\/p>\n<p style=\"font-weight: 400;\">J&rsquo;ai mis au point une m\u00e9thode simple et efficace pour faciliter l&#8217;empilage de grandes quantit\u00e9s de volants. Encourag\u00e9 par les personnes qui ont vu mon invention et m&rsquo;ont fait des suggestions, j&rsquo;ai d\u00e9cid\u00e9 de la perfectionner et d&rsquo;en faire un produit accessible \u00e0 tous. Aujourd&rsquo;hui, STAXX, capable d&#8217;empiler jusqu&rsquo;\u00e0 400 volants en 2 minutes, est pr\u00eat \u00e0 \u00eatre d\u00e9ploy\u00e9 partout.<\/p>\n<p style=\"font-weight: 400;\">Quelqu&rsquo;un a estim\u00e9 qu&rsquo;il y a plus d&rsquo;un milliard de volants empil\u00e9es chaque jour. Le chemin est encore long avant d&rsquo;\u00e9liminer compl\u00e8tement l&#8217;empilage manuel, mais STAXX est un bon point de d\u00e9part \ud83d\ude42<\/p>\n<p>[\/vc_column_text][vc_empty_space height=\u00a0\u00bb20px\u00a0\u00bb][\/vc_column][vc_column css=\u00a0\u00bb.vc_custom_1756897399984{margin-top: 0px !important;margin-right: 0px !important;margin-bottom: 0px !important;margin-left: 0px !important;border-top-width: 0px !important;border-right-width: 0px !important;border-bottom-width: 0px !important;border-left-width: 0px !important;padding-top: 0px !important;padding-right: 0px !important;padding-bottom: 0px !important;padding-left: 0px !important;background-color: #f5f5f5 !important;background-position: center !important;background-repeat: no-repeat !important;background-size: cover !important;}\u00a0\u00bb offset=\u00a0\u00bbvc_col-lg-offset-1 vc_col-lg-6 vc_col-md-offset-1 vc_col-md-6 vc_hidden-sm vc_hidden-xs\u00a0\u00bb][vc_single_image image=\u00a0\u00bb1680&Prime; img_size=\u00a0\u00bblarge\u00a0\u00bb alignment=\u00a0\u00bbcenter\u00a0\u00bb css=\u00a0\u00bb\u00a0\u00bb][\/vc_column][\/vc_row][vc_row full_width=\u00a0\u00bbstretch_row_content\u00a0\u00bb equal_height=\u00a0\u00bbyes\u00a0\u00bb content_placement=\u00a0\u00bbmiddle\u00a0\u00bb ult_hide_row=\u00a0\u00bbult_hide_row_value\u00a0\u00bb ult_hide_row_tablet=\u00a0\u00bbtablet\u00a0\u00bb ult_hide_row_tablet_small=\u00a0\u00bbxs_tablet\u00a0\u00bb ult_hide_row_mobile=\u00a0\u00bbmobile\u00a0\u00bb ult_hide_row_mobile_large=\u00a0\u00bbxl_mobile\u00a0\u00bb type=\u00a0\u00bbvc_default\u00a0\u00bb css=\u00a0\u00bb.vc_custom_1456743448449{padding-right: 60px !important;padding-left: 60px !important;}\u00a0\u00bb el_class=\u00a0\u00bbhide-mobile-paddings\u00a0\u00bb][vc_column css=\u00a0\u00bb.vc_custom_1456667654066{margin-top: 0px !important;margin-right: 0px !important;margin-bottom: 0px !important;margin-left: 0px !important;border-top-width: 0px !important;border-right-width: 0px !important;border-bottom-width: 0px !important;border-left-width: 0px !important;padding-top: 0px !important;padding-right: 0px !important;padding-bottom: 0px !important;padding-left: 0px !important;background-color: #f5f5f5 !important;}\u00a0\u00bb offset=\u00a0\u00bbvc_col-lg-6 vc_col-md-6&Prime;][vc_single_image image=\u00a0\u00bb1681&Prime; img_size=\u00a0\u00bb778 \u00d7 611&Prime; alignment=\u00a0\u00bbcenter\u00a0\u00bb css=\u00a0\u00bb.vc_custom_1759943347635{margin-top: 10% !important;margin-bottom: 10% !important;padding-right: 20px !important;padding-left: 20px !important;}\u00a0\u00bb][\/vc_column][vc_column css=\u00a0\u00bb.vc_custom_1456668224891{margin-top: 0px !important;margin-right: 0px !important;margin-bottom: 0px !important;margin-left: 0px !important;border-top-width: 0px !important;border-right-width: 0px !important;border-bottom-width: 0px !important;border-left-width: 0px !important;padding-top: 40px !important;padding-right: 0px !important;padding-bottom: 60px !important;padding-left: 0px !important;}\u00a0\u00bb offset=\u00a0\u00bbvc_col-lg-offset-1 vc_col-lg-4 vc_col-md-offset-1 vc_col-md-5 vc_col-sm-offset-0&Prime;][vc_column_text css=\u00a0\u00bb\u00a0\u00bb]<\/p>\n<h2>NOS AMIS<\/h2>\n<p>[\/vc_column_text][vc_empty_space height=\u00a0\u00bb30px\u00a0\u00bb][vc_column_text css=\u00a0\u00bb\u00a0\u00bb]<\/p>\n<h3 data-start=\"184\" data-end=\"220\">N\u00e9 de la passion et de la communaut\u00e9<\/h3>\n<p style=\"font-weight: 400;\">STAXX est l&rsquo;aboutissement d&rsquo;une vie consacr\u00e9e au monde du badminton.<\/p>\n<p style=\"font-weight: 400;\">Ce projet a vu le jour gr\u00e2ce \u00e0 nos nombreux amis, collaborateurs et joueurs de badminton passionn\u00e9s avec lesquels nous avons eu le privil\u00e8ge de travailler.<\/p>\n<p style=\"font-weight: 400;\">Il y a bien trop de personnes \u00e0 remercier individuellement \u2013 \u200b\u200bchaque sport, par essence, repose sur sa communaut\u00e9 de b\u00e9n\u00e9voles, de joueurs et d&rsquo;entra\u00eeneurs.<\/p>\n<p style=\"font-weight: 400;\">\u00c0 vous tous qui nous avez encourag\u00e9s, stimul\u00e9s et partag\u00e9 notre passion au fil des ans, merci. STAXX existe gr\u00e2ce \u00e0 vous.<\/p>\n<p>[\/vc_column_text][vc_empty_space height=\u00a0\u00bb20px\u00a0\u00bb][\/vc_column][\/vc_row][vc_row disable_element=\u00a0\u00bbyes\u00a0\u00bb bg_type=\u00a0\u00bbbg_color\u00a0\u00bb bg_override=\u00a0\u00bbex-full\u00a0\u00bb type=\u00a0\u00bbvc_default\u00a0\u00bb bg_color_value=\u00a0\u00bb#f5f5f5&Prime; css=\u00a0\u00bb.vc_custom_1776084286598{padding-top: 45px !important;padding-bottom: 55px !important;}\u00a0\u00bb][vc_column][vc_column_text css=\u00a0\u00bb\u00a0\u00bb]<\/p>\n<h4 style=\"text-align: center;\">Vous avez des questions ou des id\u00e9es ?<\/h4>\n<h3><\/h3>\n<p>[\/vc_column_text][vc_empty_space height=\u00a0\u00bb25px\u00a0\u00bb][vc_column_text css=\u00a0\u00bb\u00a0\u00bb]<\/p>\n<p style=\"text-align: center;\">info@staxx.ca<\/p>\n<p>[\/vc_column_text][vc_column_text css=\u00a0\u00bb\u00a0\u00bb]<\/p>\n<p style=\"text-align: center;\">+1 514 91 STAXX \u2013 +1 514 917 8299<\/p>\n<p>[\/vc_column_text][vc_empty_space height=\u00a0\u00bb15px\u00a0\u00bb]<div class=\" vc_custom_1456922448725 uavc-icons-center uavc-icons \">\n<a class=\"aio-tooltip 69e04346d31a4\" href=\"https:\/\/www.instagram.com\/staxxbadminton\/\" target=\"_blank\" rel=\"noopener nofollow\" data-toggle=\"tooltip\" data-placement=\"top\" title=\"instagram\"><div class=\"aio-icon advanced \" data-animation=\"\" data-animation-delay=\"03\" style=\"color:#d0d0d0;background:rgba(0,0,0,0.01);border-style:solid;border-color:#d0d0d0;border-width:2px;width:28px;height:28px;line-height:28px;border-radius:500px;font-size:16px;margin-right:3px;\">\n\t<i class=\"icomoon-the7-font-instagram\"><\/i>\n<\/div><\/a>\n<a class=\"aio-tooltip 69e04346d31e0\" href=\"http:\/\/themeforest.net\/item\/the7-responsive-multipurpose-wordpress-theme\/5556590\" target=\"_blank\" rel=\"noopener nofollow\" data-toggle=\"tooltip\" data-placement=\"top\" title=\"facebook\"><div class=\"aio-icon advanced \" data-animation=\"\" data-animation-delay=\"03\" style=\"color:#d0d0d0;background:rgba(0,0,0,0.01);border-style:solid;border-color:#d0d0d0;border-width:2px;width:28px;height:28px;line-height:28px;border-radius:500px;font-size:16px;margin-right:3px;\">\n\t<i class=\"icomoon-free-social-contact-16x16-facebook\"><\/i>\n<\/div><\/a>\n<a class=\"aio-tooltip 69e04346d3209\" href=\"http:\/\/themeforest.net\/item\/the7-responsive-multipurpose-wordpress-theme\/5556590\" target=\"_blank\" rel=\"noopener nofollow\" data-toggle=\"tooltip\" data-placement=\"top\" title=\"linked in\"><div class=\"aio-icon advanced \" data-animation=\"\" data-animation-delay=\"03\" style=\"color:#d0d0d0;background:rgba(0,0,0,0.01);border-style:solid;border-color:#d0d0d0;border-width:2px;width:28px;height:28px;line-height:28px;border-radius:500px;font-size:16px;\">\n\t<i class=\"icomoon-free-social-contact-16x16-linkedin2\"><\/i>\n<\/div><\/a><\/div>[\/vc_column][\/vc_row]<\/p>\n<\/div>","protected":false},"excerpt":{"rendered":"<p>[vc_row equal_height=\u00a0\u00bbyes\u00a0\u00bb content_placement=\u00a0\u00bbmiddle\u00a0\u00bb bg_type=\u00a0\u00bbbg_color\u00a0\u00bb bg_override=\u00a0\u00bbex-full\u00a0\u00bb type=\u00a0\u00bbvc_default\u00a0\u00bb css=\u00a0\u00bb.vc_custom_1456939980365{background-color: #ffffff !important;}\u00a0\u00bb bg_color_value=\u00a0\u00bb#ffffff\u00a0\u00bb el_id=\u00a0\u00bbfeatures\u00a0\u00bb][vc_column css=\u00a0\u00bb.vc_custom_1456743683783{padding-top: 60px !important;padding-bottom: 60px !important;}\u00a0\u00bb offset=\u00a0\u00bbvc_col-lg-offset-0 vc_col-lg-5 vc_col-md-offset-0 vc_col-md-6&Prime;][vc_column_text css=\u00a0\u00bb\u00a0\u00bb] L&rsquo;histoire de STAXX [\/vc_column_text][vc_empty_space height=\u00a0\u00bb10px\u00a0\u00bb][vc_column_text css=\u00a0\u00bb\u00a0\u00bb] STAXX est le premier syst\u00e8me d&#8217;empilage de volant au monde \u2013 rapide, simple et non \u00e9lectrique. De l&#8217;empilage \u00e0 l&rsquo;alimentation, STAXX permet d&rsquo;\u00e9conomiser du temps, de l&rsquo;\u00e9nergie et&hellip;<\/p>\n","protected":false},"author":1,"featured_media":0,"parent":0,"menu_order":0,"comment_status":"closed","ping_status":"closed","template":"","meta":{"footnotes":""},"class_list":["post-1682","page","type-page","status-publish","hentry","description-off"],"_links":{"self":[{"href":"https:\/\/staxx.ca\/fr\/wp-json\/wp\/v2\/pages\/1682","targetHints":{"allow":["GET"]}}],"collection":[{"href":"https:\/\/staxx.ca\/fr\/wp-json\/wp\/v2\/pages"}],"about":[{"href":"https:\/\/staxx.ca\/fr\/wp-json\/wp\/v2\/types\/page"}],"author":[{"embeddable":true,"href":"https:\/\/staxx.ca\/fr\/wp-json\/wp\/v2\/users\/1"}],"replies":[{"embeddable":true,"href":"https:\/\/staxx.ca\/fr\/wp-json\/wp\/v2\/comments?post=1682"}],"version-history":[{"count":8,"href":"https:\/\/staxx.ca\/fr\/wp-json\/wp\/v2\/pages\/1682\/revisions"}],"predecessor-version":[{"id":1857,"href":"https:\/\/staxx.ca\/fr\/wp-json\/wp\/v2\/pages\/1682\/revisions\/1857"}],"wp:attachment":[{"href":"https:\/\/staxx.ca\/fr\/wp-json\/wp\/v2\/media?parent=1682"}],"curies":[{"name":"wp","href":"https:\/\/api.w.org\/{rel}","templated":true}]}}