{"id":1602,"date":"2025-07-05T19:22:16","date_gmt":"2025-07-05T19:22:16","guid":{"rendered":"https:\/\/staxx.ca\/panier\/"},"modified":"2026-04-13T13:04:25","modified_gmt":"2026-04-13T13:04:25","slug":"panier","status":"publish","type":"page","link":"https:\/\/staxx.ca\/fr\/panier\/","title":{"rendered":"Panier"},"content":{"rendered":"\n<div data-block-name=\"woocommerce\/cart\" class=\"wp-block-woocommerce-cart alignwide is-loading\">\n<div data-block-name=\"woocommerce\/filled-cart-block\" class=\"wp-block-woocommerce-filled-cart-block\">\n<div data-block-name=\"woocommerce\/cart-items-block\" class=\"wp-block-woocommerce-cart-items-block\">\n<p><strong><mark class=\"has-inline-color has-text-align-center\" style=\"background-color: #e71616; padding: 20px 20px 0; display: block; color: #ffff00; font-size: 21px;\">Offre \u00e0 dur\u00e9e limit\u00e9e - Commandez maintenant et \u00e9conomisez !<\/mark><\/strong><strong> <mark class=\"has-inline-color has-white-color\" style=\"background-color: #e71616; padding: 10px 20px; display: block; font-size: 19px;\"><span style=\"font-size: 17px;\">Avec chaque Staxx 150, 250 et 350 command\u00e9 :<\/span> <br \/>* Obtenir une r\u00e9duction CAD$30 sur les frais d'exp\u00e9dition <br \/>* Recevoir un Staxx Scoop gratuit<\/mark><mark class=\"has-inline-color has-text-align-center\" style=\"background-color: #e71616; padding: 10px 20px; display: block; color: #ffff00; font-size: 15px;\"> Staxx 150, Staxx 250, Feeder Kits, Scoop - les premi\u00e8res commandes seront exp\u00e9di\u00e9es en f\u00e9vrier 2026. Staxx 350 - les premi\u00e8res commandes seront exp\u00e9di\u00e9es en avril 2026.<\/mark><\/strong><\/p>\n\n\n\n<div data-block-name=\"woocommerce\/cart-line-items-block\" class=\"wp-block-woocommerce-cart-line-items-block\"><\/div>\n\n\n<\/div>\n\n\n\n<div data-block-name=\"woocommerce\/cart-totals-block\" class=\"wp-block-woocommerce-cart-totals-block\">\n<div data-block-name=\"woocommerce\/cart-order-summary-block\" class=\"wp-block-woocommerce-cart-order-summary-block\">\n<div data-block-name=\"woocommerce\/cart-order-summary-heading-block\" class=\"wp-block-woocommerce-cart-order-summary-heading-block\"><\/div>\n\n\n\n<div data-block-name=\"woocommerce\/cart-order-summary-coupon-form-block\" class=\"wp-block-woocommerce-cart-order-summary-coupon-form-block\"><\/div>\n\n\n\n<div data-block-name=\"woocommerce\/cart-order-summary-totals-block\" class=\"wp-block-woocommerce-cart-order-summary-totals-block\">\n<div data-block-name=\"woocommerce\/cart-order-summary-subtotal-block\" class=\"wp-block-woocommerce-cart-order-summary-subtotal-block\"><\/div>\n\n\n\n<div data-block-name=\"woocommerce\/cart-order-summary-fee-block\" class=\"wp-block-woocommerce-cart-order-summary-fee-block\"><\/div>\n\n\n\n<div data-block-name=\"woocommerce\/cart-order-summary-discount-block\" class=\"wp-block-woocommerce-cart-order-summary-discount-block\"><\/div>\n\n\n\n<div data-block-name=\"woocommerce\/cart-order-summary-shipping-block\" class=\"wp-block-woocommerce-cart-order-summary-shipping-block\"><\/div>\n\n\n\n<div data-block-name=\"woocommerce\/cart-order-summary-taxes-block\" class=\"wp-block-woocommerce-cart-order-summary-taxes-block\"><\/div>\n<\/div>\n<\/div>\n\n\n\n\n\n\n\n<div data-block-name=\"woocommerce\/proceed-to-checkout-block\" class=\"wp-block-woocommerce-proceed-to-checkout-block\"><\/div>\n<div id=\"ppcp-recaptcha-v2-container\" style=\"margin:20px 0;\"><\/div>\n\n\n<div data-block-name=\"woocommerce\/cart-accepted-payment-methods-block\" class=\"wp-block-woocommerce-cart-accepted-payment-methods-block\"><\/div>\n<\/div>\n<\/div>\n\n\n\n<div data-block-name=\"woocommerce\/empty-cart-block\" class=\"wp-block-woocommerce-empty-cart-block\">\n<h2 class=\"wp-block-heading has-text-align-center with-empty-cart-icon wc-block-cart__empty-cart__title\">Votre panier est actuellement vide&nbsp;!<\/h2>\n\n\n\n<hr class=\"wp-block-separator has-alpha-channel-opacity is-style-dots\"\/>\n\n\n\n<h2 class=\"wp-block-heading has-text-align-center\">Nouveau dans la boutique<\/h2>\n\n\n<div data-block-name=\"woocommerce\/product-new\" data-columns=\"4\" data-rows=\"1\" class=\"wc-block-grid wp-block-product-new wp-block-woocommerce-product-new wc-block-product-new has-4-columns\"><ul class=\"wc-block-grid__products\"><li class=\"wc-block-grid__product\">\n\t\t\t\t<a href=\"https:\/\/staxx.ca\/fr\/kit-de-conversion-de-chargeur-staxx\/\" class=\"wc-block-grid__product-link\">\n\t\t\t\t\t\n\t\t\t\t\t<div class=\"wc-block-grid__product-image\"><img loading=\"lazy\" decoding=\"async\" width=\"300\" height=\"300\" src=\"https:\/\/staxx.ca\/wp-content\/uploads\/2025\/11\/Staxx-Feeder-accessories-300x300.png\" class=\"attachment-woocommerce_thumbnail size-woocommerce_thumbnail\" alt=\"Kit de conversion en distributeur de volants Staxx\" srcset=\"https:\/\/staxx.ca\/wp-content\/uploads\/2025\/11\/Staxx-Feeder-accessories-300x300.png 300w, https:\/\/staxx.ca\/wp-content\/uploads\/2025\/11\/Staxx-Feeder-accessories-150x150.png 150w, https:\/\/staxx.ca\/wp-content\/uploads\/2025\/11\/Staxx-Feeder-accessories-200x200.png 200w\" sizes=\"auto, (max-width: 300px) 100vw, 300px\" title=\"\"><\/div>\n\t\t\t\t\t<div class=\"wc-block-grid__product-title\">Kit de conversion en distributeur de volants Staxx<\/div>\n\t\t\t\t<\/a>\n\t\t\t\t<div class=\"wc-block-grid__product-price price\"><span class=\"woocommerce-Price-amount amount\" aria-hidden=\"true\"><span class=\"woocommerce-Price-currencySymbol\">CAD$<\/span>100.00<\/span> <span aria-hidden=\"true\">\u00a0\u2013\u00a0<\/span> <span class=\"woocommerce-Price-amount amount\" aria-hidden=\"true\"><span class=\"woocommerce-Price-currencySymbol\">CAD$<\/span>125.00<\/span><span class=\"screen-reader-text\">Plage de prix\u00a0: CAD$100.00 \u00e0 CAD$125.00<\/span><\/div>\n\t\t\t\t\n\t\t\t\t<div class=\"wp-block-button wc-block-grid__product-add-to-cart\"><a href=\"https:\/\/staxx.ca\/fr\/kit-de-conversion-de-chargeur-staxx\/\" aria-label=\"S\u00e9lectionner les options pour &ldquo;Kit de conversion en distributeur de volants Staxx&rdquo;\" data-quantity=\"1\" data-product_id=\"1726\" data-product_sku=\"\" data-price=\"100\" rel=\"nofollow\" class=\"wp-block-button__link  add_to_cart_button\">Choix des options<\/a><\/div>\n\t\t\t<\/li><li class=\"wc-block-grid__product\">\n\t\t\t\t<a href=\"https:\/\/staxx.ca\/fr\/staxx-scoop\/\" class=\"wc-block-grid__product-link\">\n\t\t\t\t\t\n\t\t\t\t\t<div class=\"wc-block-grid__product-image\"><img loading=\"lazy\" decoding=\"async\" width=\"300\" height=\"300\" src=\"https:\/\/staxx.ca\/wp-content\/uploads\/2025\/09\/STAXX-Scoop-with-shuttles-300x300.jpg\" class=\"attachment-woocommerce_thumbnail size-woocommerce_thumbnail\" alt=\"Staxx Scoop\" srcset=\"https:\/\/staxx.ca\/wp-content\/uploads\/2025\/09\/STAXX-Scoop-with-shuttles-300x300.jpg 300w, https:\/\/staxx.ca\/wp-content\/uploads\/2025\/09\/STAXX-Scoop-with-shuttles-150x150.jpg 150w, https:\/\/staxx.ca\/wp-content\/uploads\/2025\/09\/STAXX-Scoop-with-shuttles-200x200.jpg 200w\" sizes=\"auto, (max-width: 300px) 100vw, 300px\" title=\"\"><\/div>\n\t\t\t\t\t<div class=\"wc-block-grid__product-title\">Staxx Scoop<\/div>\n\t\t\t\t<\/a>\n\t\t\t\t<div class=\"wc-block-grid__product-price price\"><span class=\"woocommerce-Price-amount amount\"><span class=\"woocommerce-Price-currencySymbol\">CAD$<\/span>30.00<\/span><\/div>\n\t\t\t\t\n\t\t\t\t<div class=\"wp-block-button wc-block-grid__product-add-to-cart\"><a href=\"\/fr\/wp-json\/wp\/v2\/pages\/1602?add-to-cart=1700\" aria-label=\"Ajouter au panier\u00a0: &ldquo;Staxx Scoop&rdquo;\" data-quantity=\"1\" data-product_id=\"1700\" data-product_sku=\"\" data-price=\"30\" rel=\"nofollow\" class=\"wp-block-button__link  add_to_cart_button ajax_add_to_cart\">Ajouter au panier<\/a><\/div>\n\t\t\t<\/li><li class=\"wc-block-grid__product\">\n\t\t\t\t<a href=\"https:\/\/staxx.ca\/fr\/staxx-stacker-scoop-gratuit\/\" class=\"wc-block-grid__product-link\">\n\t\t\t\t\t\n\t\t\t\t\t<div class=\"wc-block-grid__product-image\"><img loading=\"lazy\" decoding=\"async\" width=\"300\" height=\"300\" src=\"https:\/\/staxx.ca\/wp-content\/uploads\/2025\/06\/STAXX-250-PHOTOS-2025-05-23_page3_image1-300x300.jpg\" class=\"attachment-woocommerce_thumbnail size-woocommerce_thumbnail\" alt=\"Staxx Stacker + Scoop gratuit\" srcset=\"https:\/\/staxx.ca\/wp-content\/uploads\/2025\/06\/STAXX-250-PHOTOS-2025-05-23_page3_image1-300x300.jpg 300w, https:\/\/staxx.ca\/wp-content\/uploads\/2025\/06\/STAXX-250-PHOTOS-2025-05-23_page3_image1-200x200.jpg 200w, https:\/\/staxx.ca\/wp-content\/uploads\/2025\/06\/STAXX-250-PHOTOS-2025-05-23_page3_image1-150x150.jpg 150w\" sizes=\"auto, (max-width: 300px) 100vw, 300px\" title=\"\"><\/div>\n\t\t\t\t\t<div class=\"wc-block-grid__product-title\">Staxx Stacker + Scoop gratuit<\/div>\n\t\t\t\t<\/a>\n\t\t\t\t<div class=\"wc-block-grid__product-price price\"><span class=\"woocommerce-Price-amount amount\" aria-hidden=\"true\"><span class=\"woocommerce-Price-currencySymbol\">CAD$<\/span>175.00<\/span> <span aria-hidden=\"true\">\u00a0\u2013\u00a0<\/span> <span class=\"woocommerce-Price-amount amount\" aria-hidden=\"true\"><span class=\"woocommerce-Price-currencySymbol\">CAD$<\/span>375.00<\/span><span class=\"screen-reader-text\">Plage de prix\u00a0: CAD$175.00 \u00e0 CAD$375.00<\/span><\/div>\n\t\t\t\t\n\t\t\t\t<div class=\"wp-block-button wc-block-grid__product-add-to-cart\"><a href=\"https:\/\/staxx.ca\/fr\/staxx-stacker-scoop-gratuit\/\" aria-label=\"S\u00e9lectionner les options pour &ldquo;Staxx Stacker + Scoop gratuit&rdquo;\" data-quantity=\"1\" data-product_id=\"1689\" data-product_sku=\"\" data-price=\"175\" rel=\"nofollow\" class=\"wp-block-button__link  add_to_cart_button\">Choix des options<\/a><\/div>\n\t\t\t<\/li><\/ul><\/div><\/div>\n<\/div>\n","protected":false},"excerpt":{"rendered":"<p>Offre \u00e0 dur\u00e9e limit\u00e9e \u2013 Commandez maintenant et \u00e9conomisez ! Avec chaque Staxx 150, 250 et 350 command\u00e9 : * Obtenir une r\u00e9duction CAD$30 sur les frais d&rsquo;exp\u00e9dition * Recevoir un Staxx Scoop gratuit Staxx 150, Staxx 250, Feeder Kits, Scoop \u2013 les premi\u00e8res commandes seront exp\u00e9di\u00e9es en f\u00e9vrier 2026. Staxx 350 \u2013 les premi\u00e8res&hellip;<\/p>\n","protected":false},"author":1,"featured_media":0,"parent":0,"menu_order":0,"comment_status":"closed","ping_status":"closed","template":"","meta":{"footnotes":""},"class_list":["post-1602","page","type-page","status-publish","hentry","description-off"],"_links":{"self":[{"href":"https:\/\/staxx.ca\/fr\/wp-json\/wp\/v2\/pages\/1602","targetHints":{"allow":["GET"]}}],"collection":[{"href":"https:\/\/staxx.ca\/fr\/wp-json\/wp\/v2\/pages"}],"about":[{"href":"https:\/\/staxx.ca\/fr\/wp-json\/wp\/v2\/types\/page"}],"author":[{"embeddable":true,"href":"https:\/\/staxx.ca\/fr\/wp-json\/wp\/v2\/users\/1"}],"replies":[{"embeddable":true,"href":"https:\/\/staxx.ca\/fr\/wp-json\/wp\/v2\/comments?post=1602"}],"version-history":[{"count":2,"href":"https:\/\/staxx.ca\/fr\/wp-json\/wp\/v2\/pages\/1602\/revisions"}],"predecessor-version":[{"id":1862,"href":"https:\/\/staxx.ca\/fr\/wp-json\/wp\/v2\/pages\/1602\/revisions\/1862"}],"wp:attachment":[{"href":"https:\/\/staxx.ca\/fr\/wp-json\/wp\/v2\/media?parent=1602"}],"curies":[{"name":"wp","href":"https:\/\/api.w.org\/{rel}","templated":true}]}}